{"id":13368,"date":"2016-09-13T17:04:05","date_gmt":"2016-09-13T15:04:05","guid":{"rendered":"http:\/\/tirostorico.ch\/new\/?page_id=13368&#038;lang=de"},"modified":"2024-10-13T10:36:35","modified_gmt":"2024-10-13T08:36:35","slug":"auszeichnungen-ind","status":"publish","type":"page","link":"https:\/\/tirostorico.ch\/de\/auszeichnungen-ind\/","title":{"rendered":"Preise"},"content":{"rendered":"<h3>Individuelle Auszeichnungen<\/h3>\n<p><strong>Gewehr 300 m<\/strong> Die Gesamtzahl von 15 Treffern bestimmt das Ranking. Bei Gleichstand der 5er-Serie der beste Zentraltreffer (100) der Viertaktreihe, der beste Zentraltreffer (100) (100 nur bei 300m) und schlie\u00dflich das Alter als RTSp Art. 51 RG .<\/p>\n<p><strong>Gun 25 m<\/strong> Die Gesamtzahl von 15 Treffern bestimmt das Ranking. Im Falle eines Gleichstandes \u00fcber die gesamte zweite Serie von 6 Sch\u00fcssen, dann \u00fcber die erste Serie von 6 Sch\u00fcssen, dann \u00fcber die erste Serie von 3 Sch\u00fcssen und schlie\u00dflich \u00fcber das Alter als RTSp Art. 51 RG.<\/p>\n<p>F\u00fcr den Sektionpreise werden die besten 8 Ergebnisse bei 300 m bzw. 8 bis 25 m berechnet, die von den Sch\u00fctzen der Gesellschaft erhalten wurden, unabh\u00e4ngig davon, wie viele Sch\u00fctzen f\u00fcr die Sektion geschossen haben.<\/p>\n<p>In den Einzelwertungen sind 300m und 25m folgende Preise: K\u00f6nig des Sonderpreises, Bundesgabe, der Sch\u00fctze kann nur einmal gewinnen. Beste JJ\/J &gt; Sonderpreis. Beste VS\/V &gt; Sonderpreis. Beste E &gt; Sonderpreis.<\/p>\n<p>&nbsp;<\/p>\n<h3>Sektionpreise Auszeichnungen<\/h3>\n<p>Besten FTST-Sektion&gt; Verglasung. Besten Gastsektion&gt; Verglasung.<\/p>\n<p>Die Verglasung kann nur einmal gewonnen werden. Die Zuschreibung einer zweiten Verglasung ist nur dann zul\u00e4ssig, wenn alle Sektionen diese bereits einmal gewonnen haben. Sonderpreis (Pokal) f\u00fcr alle Sektionen mit 8 Sch\u00fctzen auf 300m., bzw. 8 Sch\u00fctzen f\u00fcr die 25m-Kanone. Ein Shooter kann nur einen Preis erhalten (RTSp Art 64, RG). Die Einzelpreise gehen an jene Sch\u00fctzen, deren Sektion das Shooting mit mindestens 8 Teilnehmern beendet hat.<\/p>\n<p>Die Sektion, die mit mehr J \/ JJ auf 300 m und 25 m bei den n\u00e4chsten 5 Auflagen des historischen Shootings von der Ausgabe 2015 bis einschlie\u00dflich der Ausgabe 2019 teilnimmt, wird historischer Stolz sein, von der Ausgabe 2015 bis zur Ausgabe 2019 eingeschlossen, wird mit einer Goldmedaille belohnt, die den Posten des San Gottardo darstellt<\/p>\n<div class=\"row-fluid\">\n<div class=\"panel panel-default panel-table\">\n<div class=\"panel-heading\">\n<div class=\"tr\">\n<div class=\"td\">\n<h3>Beste FTST Sektion und G\u00e4ste<\/h3>\n<\/div>\n<div class=\"td\">\n<h3>Beste Einzelwettk\u00e4mpfer<\/h3>\n<\/div>\n<div class=\"td\">\n<h3>Sektionpreise mit mindestens 8 klassifiziert<\/h3>\n<\/div>\n<\/div>\n<\/div>\n<div class=\"panel-body\">\n<div class=\"tr\">\n<div class=\"td\"><img src=\"https:\/\/tirostorico.ch\/wp-content\/uploads\/2016\/08\/miglior-sezione-FTST.jpg\" alt=\"\" height=\"200\" \/><\/div>\n<div class=\"td\"><img src=\"https:\/\/tirostorico.ch\/wp-content\/uploads\/2016\/08\/placca-tirostorico.jpg\" alt=\"\" height=\"200\" \/><\/div>\n<div class=\"td\"><img src=\"https:\/\/tirostorico.ch\/wp-content\/uploads\/2016\/08\/boccale-tirostorico.jpg\" alt=\"\" height=\"200\" \/><\/div>\n<\/div>\n<\/div>\n<\/div>\n<\/div>\n<div class=\"clearfix\"><\/div>\n","protected":false},"excerpt":{"rendered":"<p>Individuelle Auszeichnungen Gewehr 300 m Die Gesamtzahl von 15 Treffern bestimmt das Ranking. Bei Gleichstand der 5er-Serie der beste Zentraltreffer (100) der Viertaktreihe, der beste Zentraltreffer (100) (100 nur bei 300m) und schlie\u00dflich das Alter[&#8230;]<\/p>\n","protected":false},"author":1,"featured_media":0,"parent":0,"menu_order":0,"comment_status":"closed","ping_status":"closed","template":"","meta":{"_generate-full-width-content":"","ub_ctt_via":""},"featured_image_src":null,"_links":{"self":[{"href":"https:\/\/tirostorico.ch\/de\/wp-json\/wp\/v2\/pages\/13368"}],"collection":[{"href":"https:\/\/tirostorico.ch\/de\/wp-json\/wp\/v2\/pages"}],"about":[{"href":"https:\/\/tirostorico.ch\/de\/wp-json\/wp\/v2\/types\/page"}],"author":[{"embeddable":true,"href":"https:\/\/tirostorico.ch\/de\/wp-json\/wp\/v2\/users\/1"}],"replies":[{"embeddable":true,"href":"https:\/\/tirostorico.ch\/de\/wp-json\/wp\/v2\/comments?post=13368"}],"version-history":[{"count":18,"href":"https:\/\/tirostorico.ch\/de\/wp-json\/wp\/v2\/pages\/13368\/revisions"}],"predecessor-version":[{"id":15007,"href":"https:\/\/tirostorico.ch\/de\/wp-json\/wp\/v2\/pages\/13368\/revisions\/15007"}],"wp:attachment":[{"href":"https:\/\/tirostorico.ch\/de\/wp-json\/wp\/v2\/media?parent=13368"}],"curies":[{"name":"wp","href":"https:\/\/api.w.org\/{rel}","templated":true}]}}