{"id":13967,"date":"2018-01-08T10:05:06","date_gmt":"2018-01-08T09:05:06","guid":{"rendered":"http:\/\/cs.graficadidee.ch\/tirostorico\/?page_id=13967"},"modified":"2024-05-15T09:48:23","modified_gmt":"2024-05-15T07:48:23","slug":"verein","status":"publish","type":"page","link":"https:\/\/tirostorico.ch\/de\/verein\/","title":{"rendered":"Verein"},"content":{"rendered":"<div class=\"association\">\n<div class=\"row-fluid\">\n<div class=\"row-fluid\">\n<h3>Organisationskomitee<\/h3>\n<ul class=\"col-md-4\">\n<li>Presidente:<br \/>\nNorman Gobbi<\/li>\n<li>Segretario:<br \/>\nMaurizio Gianella<\/li>\n<li>Responabile tiro:<br \/>\nEnzo Jurietti<\/li>\n<\/ul>\n<ul class=\"col-md-4\">\n<li>Tesoriere:<br \/>\nCarlo Peterposten<\/li>\n<li>Cassiere:<br \/>\nIlvo Junghi<\/li>\n<li>Responsabile logistica:<br \/>\nDanilo Tomamichel<\/li>\n<\/ul>\n<ul class=\"col-md-4\">\n<li>Responsabile informatica:<br \/>\nMauro Imperatori<\/li>\n<li>Membri di comitato:<br \/>\nVanni Donini<\/li>\n<li>Membri di comitato:<br \/>\nFlavio Esposito<\/li>\n<\/ul>\n<\/div>\n<div class=\"row-fluid\">\n<h3><\/h3>\n<h3><\/h3>\n<h3>Statuten<\/h3>\n<pre>(es gilt die it. Fassung)<\/pre>\n<p style=\"padding-left: 30px;\"><strong>I. Sede e scopo<\/strong><\/p>\n<p style=\"padding-left: 30px;\">Art. 1<\/p>\n<p>L\u2019associazione Tiro Storico del San Gottardo (ATSSG) , promossa nel 2008, con sede sociale ad Airolo, \u00e8 un\u2019associazione ai sensi dell\u2019art. 60 e seguenti del codice civile svizzero, affiliata alla Federazione Ticinese delle Societ\u00e0 di Tiro (FTST) e alla Federazione Sportiva Svizzera di Tiro (FST).<\/p>\n<p style=\"padding-left: 30px;\">Art. 2<\/p>\n<p>L\u2019associazione ha lo scopo di promuovere l\u2019organizzazione e la gestione del Tiro Storico del San Gottardo. Essa \u00e8 apolitica e aconfessionale.<\/p>\n<p style=\"padding-left: 30px;\"><strong>II. Composizione<\/strong><\/p>\n<p style=\"padding-left: 30px;\">Art. 3<\/p>\n<p>Ne fanno parte le federazioni e le sezioni delle societ\u00e0 di tiro affiliate alla FST che pagano la tassa e partecipano al Tiro Storico del San Gottardo.<\/p>\n<p style=\"padding-left: 30px;\"><strong>III. Ammissioni, dimissioni, radiazioni<\/strong><\/p>\n<p style=\"padding-left: 30px;\">Art. 4<\/p>\n<p>Le domande d\u2019ammissione sono inviate al comitato d\u2019organizzazione, il quale comunica per iscritto l\u2019accettazione e nello stesso tempo invia la tassa di partecipazione al Tiro Storico del San Gottardo.<\/p>\n<p style=\"padding-left: 30px;\">Art. 5<\/p>\n<p>Le dimissioni quali socio devono essere inoltrate per iscritto al Comitato d\u2019organizzazione entro il 31 dicembre di ogni anno per l\u2019anno successivo. Il mancato pagamento della tassa entro il termine, vale quale dimissione.<\/p>\n<p style=\"padding-left: 30px;\"><strong>IV. Organi della Societ\u00e0<\/strong><\/p>\n<p style=\"padding-left: 30px;\">Art. 6<\/p>\n<p>Gli organi della Societ\u00e0 sono:<\/p>\n<p>\u2013 L\u2019assemblea generale,<\/p>\n<p>\u2013 Il comitato d\u2019organizzazione,<\/p>\n<p>\u2013 La commissione di revisione dei conti.<\/p>\n<p style=\"padding-left: 30px;\"><strong>V. L\u2019Assemblea generale<\/strong><\/p>\n<p style=\"padding-left: 30px;\">Art. 7<\/p>\n<p>L\u2019assemblea generale \u00e8 l\u2019organo supremo dell\u2019associazione e si compone di tutti i soci ai sensi dell\u2019art. 3, in regola con il pagamento della tassa sociale. Essa si riunisce in assemblea generale ordinaria una volta all\u2019anno,al termine del tiro storico del San Gottardo, su convocazione del comitato. Il comitato potr\u00e0 convocare assemblee generali straordinarie ogni qualvolta gli affari sociali lo richiedano o quando un quinto dei soci ne faccia richiesta scritta al comitato, indicando gli oggetti da porre all\u2019ordine del giorno.<\/p>\n<p style=\"padding-left: 30px;\">Art. 8<\/p>\n<p>Sono di competenza dell\u2019assemblea generale:<\/p>\n<p>\u2013 L\u2019appello<\/p>\n<p>\u2013 La nomina degli scrutatori<\/p>\n<p>\u2013 L\u2019approvazione del verbale dell\u2019assemblea precedente<\/p>\n<p>\u2013 L\u2019approvazione della gestione sociale e dei rapporti dei revisori<\/p>\n<p>\u2013 La nomina del presidente e dei membri del comitato<\/p>\n<p>\u2013 La nomina della commissione di revisione<\/p>\n<p>\u2013 La nomina di eventuali commissioni speciali<\/p>\n<p>\u2013 L\u2019approvazione del preventivo e del programma per l\u2019anno entrante<\/p>\n<p>\u2013 La fissazione delle quote sociali<\/p>\n<p>\u2013 L\u2019approvazione dei crediti straordinari che esulano dalle competenze del comitato<\/p>\n<p>\u2013 La modifica degli statuti<\/p>\n<p style=\"padding-left: 30px;\">Art. 9<\/p>\n<p>La convocazione dell\u2019assemblea avviene tramite cartolina. La convocazione deve essere fatta almeno 15 giorni prima dell\u2019assemblea, comunicando la lista delle trattande. Ogni socio pu\u00f2 formulare proposte da sottoporre all\u2019assemblea generale a condizione di comunicarle per iscritto al Comitato entro il 31 dicembre.<\/p>\n<p style=\"padding-left: 30px;\">Art. 10<\/p>\n<p>La firma del presidente, in sua assenza del vicepresidente, collettivamente con quella del segretario o del cassiere, vincola l\u2019associazione nelle pratiche amministrative ordinarie. Il comitato decide in merito a spese straordinarie fino ad un importo massimo di Fr. 5\u2019000.\u2013 (cinquemila) all\u2019anno.<\/p>\n<p style=\"padding-left: 30px;\">Art. 11<\/p>\n<p>Le votazioni si fanno generalmente per alzata di mano qualora la maggioranza non richieda lo scrutinio segreto o altro metodo di votazione. In caso di parit\u00e0 dei voti decide il presidente dell\u2019associazione. Ogni socio ai sensi dell\u2019art. 3 ha diritto a un solo voto in assemblea. I membri del comitato d\u2019organizzazione hanno diritto di voto. L\u2019assemblea generale \u00e8 valida qualunque sia il numero dei partecipanti e decide su qualsiasi oggetto a maggioranza dei voti espressi, fatta eccezione per quelle decisioni per cui gli statuti prevedono la maggioranza qualificata.<\/p>\n<p style=\"padding-left: 30px;\"><strong>VI. Il Comitato d\u2019organizzazione<\/strong><\/p>\n<p style=\"padding-left: 30px;\">Art. 12<\/p>\n<p>Il comitato si compone di un minimo di 5 membri e si organizza da s\u00e9. Al comitato \u00e8 affidata la direzione e l\u2019amministrazione dell\u2019associazione, l\u2019esecuzione delle decisioni dell\u2019assemblea generale e l\u2019applicazione degli statuti. Il comitato \u00e8 nominato dall\u2019assemblea generale per un periodo amministrativo di 4 anni ed \u00e8 rieleggibile.<\/p>\n<p style=\"padding-left: 30px;\">Art. 13<\/p>\n<p>Il comitato si riunisce su convocazione del presidente o per decisione di almeno 4 dei suoi membri, ogni qualvolta la buona amministrazione lo richiede. Il comitato decide validamente se \u00e8 presente il presidente, rispettivamente in caso d\u2019impedimento il vicepresidente, e almeno la met\u00e0 degli altri suoi membri; in caso di parit\u00e0 di voti la decisione spetta alla presidenza.<\/p>\n<p style=\"padding-left: 30px;\">Art. 14<\/p>\n<p>Le mansioni dei membri del comitato sono le seguenti:<\/p>\n<p>\u2022 Il presidente dirige le assemblee generali e le sedute del comitato e rappresenta l\u2019associazione di fronte a terzi. Egli cura l\u2019incremento dell\u2019attivit\u00e0 dell\u2019associazione ed ha in particolare la supervisione generale delle attivit\u00e0 , presenta annualmente un rapporto sull\u2019attivit\u00e0 dell\u2019associazione all\u2019assemblea generale ordinaria. Vincola l\u2019associazione come indicato dall\u2019art. 10.<\/p>\n<p>\u2022 Il vicepresidente collabora strettamente con il presidente e lo sostituisce in caso di necessit\u00e0.<\/p>\n<p>\u2022 Il segretario redige i verbali, evade la corrispondenza dell\u2019associazione, cura la stesura dell\u2019elenco dei soci, invia le convocazioni.<\/p>\n<p>\u2022 Il cassiere \u00e8 responsabile della gestione finanziaria dell\u2019associazione, tiene una dettagliata contabilit\u00e0, cura l\u2019incasso delle tasse dei soci e di ogni altro provento, provvede ai pagamenti e all\u2019organizzazione finanziaria del tiro, presenta annualmente i conti all\u2019assemblea generale ordinaria.<\/p>\n<p>\u2022 Gli altri membri del comitato collaborano alla gestione e al promovimento dell\u2019attivit\u00e0 sociale secondo le indicazioni del comitato.<\/p>\n<p style=\"padding-left: 30px;\">Art. 15<\/p>\n<p>Ogni membro del comitato \u00e8 individualmente responsabile e garante nei confronti dell\u2019associazione del lavoro relativo alle proprie mansioni ed ai beni che gli sono affidati.<\/p>\n<p style=\"padding-left: 30px;\">Art. 16<\/p>\n<p>Nell\u2019esplicazione del suo mandato il comitato \u00e8 tenuto a uniformarsi alle vigenti leggi ed alle ordinanze emanate dalle competenti autorit\u00e0 militari, federali e cantonali ed ai regolamenti della FST e della FTST.<\/p>\n<p style=\"padding-left: 30px;\"><strong>VII. Commissione di revisione<\/strong><\/p>\n<p style=\"padding-left: 30px;\">Art. 17<\/p>\n<p>La commissione di revisione si compone di 3 membri, 2 membri sono eletti dall\u2019assemblea fra i soci che non fanno parte del comitato. Il terzo membro della commissione di revisione viene nominato dal comitato cantonale della FTST, di regola \u00e8 il cassiere della stessa. La commissione di revisione ha il compito di controllare i conti d\u2019esercizio e la situazione patrimoniale dell\u2019associazione e di presentare un rapporto scritto con relative proposte all\u2019assemblea generale ordinaria. La commissione di revisione \u00e8 nominata annualmente. I due membri revisori nominati dall\u2019assemblea sono rieleggibili.<\/p>\n<p style=\"padding-left: 30px;\"><strong>VIII. Commissioni speciali<\/strong><\/p>\n<p style=\"padding-left: 30px;\">Art. 18<\/p>\n<p>L\u2019assemblea ha la facolt\u00e0, qualora le circostanze lo richiedessero di nominare commissioni speciali di carattere temporaneo o permanente da affiancare al comitato nello svolgimento delle proprie attivit\u00e0. Le commissioni speciali saranno composte da almeno 3 membri che rimarranno in carica per la durata massima di un periodo amministrativo e saranno rieleggibili. Nella composizione delle stesse dovr\u00e0 figurare un membro del comitato in qualit\u00e0 di presidente.<\/p>\n<p style=\"padding-left: 30px;\"><strong>IX. Finanze<\/strong><\/p>\n<p style=\"padding-left: 30px;\">Art. 19<\/p>\n<p>L\u2019associazione provvede al suo regolare funzionamento mediante le quote sociali , i sussidi, sponsor e gli utili conseguiti dall\u2019organizzazione del Tiro Storico del San Gottardo ed eventuali donazioni .<\/p>\n<p style=\"padding-left: 30px;\">Art. 20<\/p>\n<p>Il periodo amministrativo apre il 1 gennaio e chiude il 31 dicembre di ogni anno.<\/p>\n<p style=\"padding-left: 30px;\">Art. 21<\/p>\n<p>Le quote sociali sono fissate dall\u2019assemblea su proposta del comitato. Ogni socio \u00e8 tenuto a pagare la tassa entro il termine fissato dal comitato. Il pagamento della quota sociale permette ai soci di partecipare al Tiro Storico del San Gottardo.<\/p>\n<p style=\"padding-left: 30px;\">X. Disposizioni finali e diversi<\/p>\n<p style=\"padding-left: 30px;\">Art. 22<\/p>\n<p>Il presente statuto potr\u00e0 essere modificato dall\u2019assemblea generale su proposta del comitato o su richiesta di almeno un quinto dei soci. Le modifiche dovranno essere approvate dalla maggioranza assoluta dei soci presenti all\u2019assemblea.<\/p>\n<p style=\"padding-left: 30px;\">Art. 23<\/p>\n<p>L\u2019associazione Tiro Storico del San Gottardo risponde di fronte a terzi unicamente col patrimonio sociale.<\/p>\n<p style=\"padding-left: 30px;\">Art. 24<\/p>\n<p>L\u2019associazione Tiro Storico del San Gottardo potr\u00e0 essere sciolta per decisione di almeno 4\/5 dei soci aventi diritto di voto. La decisione dovr\u00e0 essere presa durante un\u2019assemblea generale appositamente convocata. Qualora in una prima assemblea non si dovesse raggiungere il numero minimo dei soci richiesti, verr\u00e0 convocata dopo 30 giorni una seconda assemblea, la quale decider\u00e0 validamente, qualunque sia il numero dei soci intervenuti con la maggioranza dei 4\/5 dei soci presenti aventi il diritto di voto.<\/p>\n<p>In caso di scioglimento il patrimonio della societ\u00e0 verr\u00e0 consegnato, dopo la liquidazione degli affari correnti, alla FTST che ne curer\u00e0 la consegna ad una nuova societ\u00e0 che dovesse sorgere con gli stessi scopi e gli stessi principi dell\u2019associazione Tiro Storico del San Gottardo.<\/p>\n<p style=\"padding-left: 30px;\">Art. 25<\/p>\n<p>Per tutto quanto non contemplato dal presente statuto fanno stato le norme del codice civile Svizzero (Art. 60 e seguenti) e le prescrizioni della FTST e della FST nonch\u00e9 le disposizioni emanate dalle competenti autorit\u00e0 militari, cantonali e federali .<\/p>\n<p style=\"padding-left: 30px;\">Art. 26<\/p>\n<p>Il presente statuto \u00e8 stato letto ed approvato dall\u2019assemblea costitutiva del 09.10.2010 ad Airolo.<br \/>\n<em>Revisione dell&#8217;art. 12: 13.10.2023<\/em><\/p>\n<\/div>\n<\/div>\n<\/div>\n","protected":false},"excerpt":{"rendered":"<p>Organisationskomitee Presidente: Norman Gobbi Segretario: Maurizio Gianella Responabile tiro: Enzo Jurietti Tesoriere: Carlo Peterposten Cassiere: Ilvo Junghi Responsabile logistica: Danilo Tomamichel Responsabile informatica: Mauro Imperatori Membri di comitato: Vanni Donini Membri di comitato: Flavio Esposito[&#8230;]<\/p>\n","protected":false},"author":1,"featured_media":0,"parent":0,"menu_order":0,"comment_status":"closed","ping_status":"closed","template":"","meta":{"_generate-full-width-content":"","ub_ctt_via":""},"featured_image_src":null,"_links":{"self":[{"href":"https:\/\/tirostorico.ch\/de\/wp-json\/wp\/v2\/pages\/13967"}],"collection":[{"href":"https:\/\/tirostorico.ch\/de\/wp-json\/wp\/v2\/pages"}],"about":[{"href":"https:\/\/tirostorico.ch\/de\/wp-json\/wp\/v2\/types\/page"}],"author":[{"embeddable":true,"href":"https:\/\/tirostorico.ch\/de\/wp-json\/wp\/v2\/users\/1"}],"replies":[{"embeddable":true,"href":"https:\/\/tirostorico.ch\/de\/wp-json\/wp\/v2\/comments?post=13967"}],"version-history":[{"count":9,"href":"https:\/\/tirostorico.ch\/de\/wp-json\/wp\/v2\/pages\/13967\/revisions"}],"predecessor-version":[{"id":14908,"href":"https:\/\/tirostorico.ch\/de\/wp-json\/wp\/v2\/pages\/13967\/revisions\/14908"}],"wp:attachment":[{"href":"https:\/\/tirostorico.ch\/de\/wp-json\/wp\/v2\/media?parent=13967"}],"curies":[{"name":"wp","href":"https:\/\/api.w.org\/{rel}","templated":true}]}}